{"id":3127,"date":"2019-04-25T11:51:06","date_gmt":"2019-04-25T10:51:06","guid":{"rendered":"https:\/\/blueopinion.pt\/?page_id=3127"},"modified":"2023-10-19T14:44:54","modified_gmt":"2023-10-19T13:44:54","slug":"politica-de-privacidade","status":"publish","type":"page","link":"https:\/\/blueopinion.pt\/en\/politica-de-privacidade\/","title":{"rendered":"Privacy Policy"},"content":{"rendered":"<div data-elementor-type=\"wp-post\" data-elementor-id=\"3127\" class=\"elementor elementor-3127\" data-elementor-post-type=\"page\">\n\t\t\t\t\t\t<section class=\"elementor-section elementor-top-section elementor-element elementor-element-d14585f elementor-section-boxed elementor-section-height-default elementor-section-height-default\" data-id=\"d14585f\" data-element_type=\"section\">\n\t\t\t\t\t\t<div class=\"elementor-container elementor-column-gap-default\">\n\t\t\t\t\t<div class=\"elementor-column elementor-col-100 elementor-top-column elementor-element elementor-element-8139423\" data-id=\"8139423\" data-element_type=\"column\">\n\t\t\t<div class=\"elementor-widget-wrap elementor-element-populated\">\n\t\t\t\t\t\t<div class=\"elementor-element elementor-element-63d42c6 elementor-widget elementor-widget-xs-heading\" data-id=\"63d42c6\" data-element_type=\"widget\" data-widget_type=\"xs-heading.default\">\n\t\t\t\t<div class=\"elementor-widget-container\">\n\t\t\t<div class=\"xs-heading text-center\">\n                <h2 class=\"section-title\">Privacy Policy<\/h2>\n        <\/div>\t\t<\/div>\n\t\t\t\t<\/div>\n\t\t\t\t\t<\/div>\n\t\t<\/div>\n\t\t\t\t\t<\/div>\n\t\t<\/section>\n\t\t\t\t<section class=\"elementor-section elementor-top-section elementor-element elementor-element-36ff240 elementor-section-boxed elementor-section-height-default elementor-section-height-default\" data-id=\"36ff240\" data-element_type=\"section\">\n\t\t\t\t\t\t<div class=\"elementor-container elementor-column-gap-default\">\n\t\t\t\t\t<div class=\"elementor-column elementor-col-100 elementor-top-column elementor-element elementor-element-d40dc7e\" data-id=\"d40dc7e\" data-element_type=\"column\">\n\t\t\t<div class=\"elementor-widget-wrap elementor-element-populated\">\n\t\t\t\t\t\t<div class=\"elementor-element elementor-element-6a64a11 elementor-widget elementor-widget-text-editor\" data-id=\"6a64a11\" data-element_type=\"widget\" data-widget_type=\"text-editor.default\">\n\t\t\t\t<div class=\"elementor-widget-container\">\n\t\t\t\t\t\t\t<p><strong>Descri\u00e7\u00e3o do Servi\u00e7o<\/strong><\/p><p>A BlueOpinion, com sede na R. do Passeio Alegre nr 20 4150-570 Porto, com o NIPC 515371360, presta servi\u00e7os que consistem na realiza\u00e7\u00e3o de estudos de mercado e inqu\u00e9ritos de opini\u00e3o, atrav\u00e9s da gest\u00e3o e manuten\u00e7\u00e3o dos dados de um painel de participantes.<\/p><p>A BlueOpinion comunica com os membros do seu painel, clientes e fornecedores atrav\u00e9s de diversos canais como email, telefone\/telem\u00f3vel, SMS, por carta ou pessoalmente.<\/p><p>Em caso de d\u00favida com quest\u00f5es relacionadas com a prote\u00e7\u00e3o de dados poder\u00e1 entrar em contacto atrav\u00e9s do email: info@blueopinion.pt<\/p><p><strong>Formul\u00e1rio de Inscri\u00e7\u00e3o e Dados Pessoais<\/strong><\/p><p>Os dados recolhidos atrav\u00e9s do formul\u00e1rio de inscri\u00e7\u00e3o t\u00eam como finalidade a sele\u00e7\u00e3o de candidatos para a realiza\u00e7\u00e3o de estudos de mercado, comprometendo-se a BlueOpinion a n\u00e3o dar qualquer outra finalidade aos dados pessoais recolhidos.<\/p><p>O fundamento jur\u00eddico para o tratamento dos dados pessoais recolhidos assenta no consentimento que o candidato dever\u00e1 dar ao tratamento dos seus dados pessoais, para esta finalidade.<\/p><p>Esses dados s\u00e3o de fornecimento obrigat\u00f3rio, sob pena de o registo n\u00e3o ser aceite, e ser\u00e3o processados automaticamente. O utilizador \u00e9 o \u00fanico respons\u00e1vel pela veracidade dos dados prestados.<\/p><p>Ao aceitar os presentes termos e condi\u00e7\u00f5es gerais est\u00e1 a dar o seu consentimento ao tratamento dos seus dados pessoais, nos termos do disposto no Regulamento (EU) n.\u00ba 2016\/679, de 27 de Abril de 2016.<\/p><p>A BlueOpinion \u00e9 a entidade respons\u00e1vel pelo tratamento dos dados pessoais, destinando-se este tratamento a fins estat\u00edsticos e de estudos de mercado, no \u00e2mbito da usa \u00e1rea de atua\u00e7\u00e3o.<\/p><p><strong>Condi\u00e7\u00f5es Gerais de Ades\u00e3o<\/strong><\/p><p>Nos termos do Regulamento (EU) n.\u00ba 2016\/679, de 27 de Abril de 2016, \u00e9 garantido ao cliente o direito de acesso aos dados que lhe digam diretamente respeito, podendo realizar altera\u00e7\u00f5es ou eliminar os dados.<\/p><p>As inscri\u00e7\u00f5es s\u00e3o apenas permitidas a partir dos 16 anos.<\/p><p><strong>Confidencialidade e Prote\u00e7\u00e3o de Dados<\/strong><\/p><p>Garantimos a prote\u00e7\u00e3o da informa\u00e7\u00e3o pessoal de todos os membros e o escrupuloso cumprimento dos direitos dos titulares de dados pessoais e das obriga\u00e7\u00f5es legais de tratamento de dados impostos pelo Regulamento (EU) n.\u00ba 2016\/679, de 27 de Abril de 2016, tendo implementado um conjunto de procedimentos para garantir a confidencialidade.<\/p><p><strong>Informa\u00e7\u00e3o e Consentimento para o Tratamento de Dados Pessoais<\/strong><\/p><p>O preenchimento e submiss\u00e3o do formul\u00e1rio corresponde a um ato de recolha de dados pessoais, que ser\u00e3o depois objeto de organiza\u00e7\u00e3o, conserva\u00e7\u00e3o, consulta e utiliza\u00e7\u00e3o, pelo que est\u00e1 sujeito \u00e0 aplica\u00e7\u00e3o do Regulamento (UE) 2016\/679 do Parlamento Europeu e do Conselho de 27 de Abril de 2016 relativo \u00e0 prote\u00e7\u00e3o das pessoas singulares no que diz respeito ao tratamento de dados pessoais e \u00e0 livre circula\u00e7\u00e3o desses dados.<\/p><p>Para que o tratamento dos dados pessoais seja l\u00edcito \u00e9 solicitado ao titular dos dados pessoais que leia as seguintes informa\u00e7\u00f5es e que, no final, d\u00ea o seu consentimento para o tratamento.<\/p><p><u>Respons\u00e1veis pelo tratamento dos dados:<\/u><\/p><p>BlueOpinion<br \/>Morada: R. do Passeio Alegre nr 20 4150-570 Porto<br \/>E-mail:\u00a0info@blueopinion.pt<\/p><p><u>Finalidade do tratamento a que os dados pessoais se destinam<\/u><\/p><p>A finalidade do tratamento dos dados pessoais \u00e9 a cria\u00e7\u00e3o de uma base de dados de potenciais candidatos \u00e0 participa\u00e7\u00e3o em estudos de mercado, realizados pela BlueOpinion.<\/p><p><u>Obrigatoriedade do fornecimento dos dados pessoais<\/u><\/p><p>O fornecimento dos dados pessoais \u00e0 BlueOpinion \u00e9 condi\u00e7\u00e3o essencial para que o candidato possa se inscrever e possa vir a participar nos estudos de mercado que a BlueOpinion realizar.<\/p><p><u>Fundamento Jur\u00eddico para o tratamento<\/u><\/p><p>O fundamento jur\u00eddico para o tratamento dos dados pessoais \u00e9 o consentimento dado pelo candidato para o tratamento dos seus dados pessoais para a finalidade indicada acima.<\/p><p><u>Categoria de Dados Pessoais Recolhidos<\/u><\/p><p>Os dados pessoais recolhidos s\u00e3o:<\/p><p>&#8211; os dados de identifica\u00e7\u00e3o (como, nome completo, a data de nascimento, o sexo, o concelho de resid\u00eancia;<\/p><p>&#8211; \u00a0os dados de contacto (como, o n.\u00ba de telefone e o e-mail);<\/p><p>&#8211; e, posteriormente ao registo e de forma volunt\u00e1ria, dados acad\u00e9micos\/profissionais; dados econ\u00f3micos\/financeiros; hobbies, etc.<\/p><p>Os dados recolhidos servir\u00e3o \u00fanica e exclusivamente para a finalidade supra descrita e n\u00e3o ser\u00e3o revelados a qualquer pessoa singular ou entidade.<\/p><p><u>Direitos do Titular dos Dados Pessoais<\/u><\/p><ol><li>direito \u00e0 sua retifica\u00e7\u00e3o, direito \u00e0 limita\u00e7\u00e3o do tratamento no que disser respeito ao titular dos dados; direito de se opor ao tratamento; direito \u00e0 portabilidade dos dados; direito de retirar consentimento ao tratamento de dados em qualquer altura, com o consequente apagamento dos dados pessoais;<\/li><\/ol><p><u>Direito de acesso do titular dos dados<\/u><\/p><p>O direito de solicitar o acesso aos dados pessoais traduz-se no direito de obter do respons\u00e1vel pelo tratamento a confirma\u00e7\u00e3o de que os dados pessoais que lhe digam respeito s\u00e3o ou n\u00e3o objeto de tratamento e, se for esse o caso, o direito de aceder aos seus dados pessoais e \u00e0s informa\u00e7\u00f5es constantes do artigo 15.\u00ba do Regulamento (UE) 2016\/679 do Parlamento Europeu e do Conselho de 27 de Abril de 2016.<\/p><p><strong>Participa\u00e7\u00e3o em Inqu\u00e9ritos<\/strong><\/p><p>O n\u00famero de convites que os membros recebem para participar em inqu\u00e9ritos depende sempre do seu perfil.<\/p><p>A BlueOpinion declina qualquer responsabilidade pelo n\u00famero de convites que cada membro recebe, n\u00e3o existe nenhum limite associado ao n\u00famero de inqu\u00e9ritos que cada membro poder\u00e1 responder.<\/p><p>Cada membro, ao inscrever-se, assume o compromisso de fornecer dados honestos em todos os inqu\u00e9ritos. O n\u00e3o cumprimento destes termos pode levar \u00e0 suspens\u00e3o ou cancelamento da conta.<\/p><p>Podem ainda ser realizadas pr\u00e9-qualifica\u00e7\u00f5es, n\u00e3o remuneradas, com o objetivo de aferir a exist\u00eancia ou n\u00e3o de um determinado perfil a ser inquirido no futuro.<\/p><p>A BlueOpinion reserva-se no direito de cancelar a conta do membro que n\u00e3o cumpra as condi\u00e7\u00f5es descritas nos Termos e Condi\u00e7\u00f5es Gerais, apresente respostas incoerentes ou que, durante um ano consecutivo, n\u00e3o volte a aceder \u00e0 conta para responder a inqu\u00e9ritos.<\/p><p><strong>Incentivos e Pagamentos<\/strong><\/p><p>A BlueOpinion enviar\u00e1 convites aos inscritos para participar em inqu\u00e9ritos\/Estudos de mercado. Caso o perfil corresponda ao perfil procurado, o participante receber\u00e1 um convite de participa\u00e7\u00e3o com indica\u00e7\u00e3o do valor do incentivo a receber, bem como os detalhes da participa\u00e7\u00e3o esperada.<\/p><p>No caso dos inqu\u00e9ritos para pr\u00e9-qualifica\u00e7\u00e3o com o objetivo de perceber se o participante \u00e9 eleg\u00edvel, se a quota a que pertence j\u00e1 est\u00e1 preenchida etc, a participa\u00e7\u00e3o \u00e9 facultativa e pela resposta aos mesmos n\u00e3o ser\u00e1 concedido qualquer incentivo.<\/p><p>Pela resposta a cada inqu\u00e9rito o participante receber\u00e1 na sua conta pessoal um incentivo no valor que vier indicado no convite. O pr\u00e9mio ser\u00e1 valorado em Euros e cada Euro corresponder\u00e1 a 10 pontos para que possa convert\u00ea-los em pr\u00e9mios.<\/p><p>Ao atingir o montante m\u00ednimo de \u20ac20 \/ 200 pontos, ficam vis\u00edveis na conta pessoal do participante, os m\u00e9todos de convers\u00e3o de pontos dispon\u00edveis para converter o saldo existente na conta, assim como as instru\u00e7\u00f5es de como proceder. Caso haja saldo excedente, o mesmo ser\u00e1 acumulando com os incentivos que se vierem a receber posteriormente.<\/p><p>\u00a0<\/p><p>\u00a0<\/p><p><strong>Cancelamento da Conta<\/strong><\/p><p>O cancelamento de conta \u00e9 feito na conta pessoal, em <a href=\"https:\/\/blueopinion.pt\/en\/\">www.blueopinion.pt<\/a> ou solicitado atrav\u00e9s de info@blueopinion.pt<\/p><p><strong>Aceita\u00e7\u00e3o destes termos<\/strong><\/p><p>Ao utilizar este site, concorda com a recolha e uso das suas informa\u00e7\u00f5es tal como estabelecido na presente pol\u00edtica de privacidade.<\/p>\t\t\t\t\t\t<\/div>\n\t\t\t\t<\/div>\n\t\t\t\t\t<\/div>\n\t\t<\/div>\n\t\t\t\t\t<\/div>\n\t\t<\/section>\n\t\t\t\t<section class=\"elementor-section elementor-top-section elementor-element elementor-element-5b904d4 elementor-section-boxed elementor-section-height-default elementor-section-height-default\" data-id=\"5b904d4\" data-element_type=\"section\">\n\t\t\t\t\t\t<div class=\"elementor-container elementor-column-gap-default\">\n\t\t\t\t\t<div class=\"elementor-column elementor-col-100 elementor-top-column elementor-element elementor-element-89aa813\" data-id=\"89aa813\" data-element_type=\"column\">\n\t\t\t<div class=\"elementor-widget-wrap elementor-element-populated\">\n\t\t\t\t\t\t<div class=\"elementor-element elementor-element-d94f881 elementor-widget elementor-widget-shortcode\" data-id=\"d94f881\" data-element_type=\"widget\" data-widget_type=\"shortcode.default\">\n\t\t\t\t<div class=\"elementor-widget-container\">\n\t\t\t\t\t<div class=\"elementor-shortcode\">[smbtoolbar]<\/div>\n\t\t\t\t<\/div>\n\t\t\t\t<\/div>\n\t\t\t\t\t<\/div>\n\t\t<\/div>\n\t\t\t\t\t<\/div>\n\t\t<\/section>\n\t\t\t\t<section class=\"elementor-section elementor-top-section elementor-element elementor-element-375e631 elementor-section-boxed elementor-section-height-default elementor-section-height-default\" data-id=\"375e631\" data-element_type=\"section\">\n\t\t\t\t\t\t<div class=\"elementor-container elementor-column-gap-default\">\n\t\t\t\t\t<div class=\"elementor-column elementor-col-100 elementor-top-column elementor-element elementor-element-4e3cfb8\" data-id=\"4e3cfb8\" data-element_type=\"column\">\n\t\t\t<div class=\"elementor-widget-wrap elementor-element-populated\">\n\t\t\t\t\t\t<div class=\"elementor-element elementor-element-db35f14 elementor-widget elementor-widget-xs-heading\" data-id=\"db35f14\" data-element_type=\"widget\" data-widget_type=\"xs-heading.default\">\n\t\t\t\t<div class=\"elementor-widget-container\">\n\t\t\t<div class=\"xs-heading text-center\">\n                <h2 class=\"section-title\">In the meantime, follow us!<\/h2>\n        <\/div>\t\t<\/div>\n\t\t\t\t<\/div>\n\t\t\t\t\t<\/div>\n\t\t<\/div>\n\t\t\t\t\t<\/div>\n\t\t<\/section>\n\t\t\t\t<\/div>","protected":false},"excerpt":{"rendered":"<p>Pol\u00edtica de Privacidade Descri\u00e7\u00e3o do Servi\u00e7o A BlueOpinion, com sede na R. do Passeio Alegre nr 20 4150-570 Porto, com o NIPC 515371360, presta servi\u00e7os que consistem na realiza\u00e7\u00e3o de estudos de mercado e inqu\u00e9ritos de opini\u00e3o, atrav\u00e9s da gest\u00e3o e manuten\u00e7\u00e3o dos dados de um painel de participantes. A BlueOpinion comunica com os membros [&hellip;]<\/p>","protected":false},"author":608,"featured_media":0,"parent":0,"menu_order":0,"comment_status":"closed","ping_status":"closed","template":"template\/template-multipage-homepage.php","meta":{"footnotes":""},"yst_prominent_words":[77,97,88,92,100,96,89,90,103,93,102,95,91,98,99,94,105,101,106,104],"_links":{"self":[{"href":"https:\/\/blueopinion.pt\/en\/wp-json\/wp\/v2\/pages\/3127"}],"collection":[{"href":"https:\/\/blueopinion.pt\/en\/wp-json\/wp\/v2\/pages"}],"about":[{"href":"https:\/\/blueopinion.pt\/en\/wp-json\/wp\/v2\/types\/page"}],"author":[{"embeddable":true,"href":"https:\/\/blueopinion.pt\/en\/wp-json\/wp\/v2\/users\/608"}],"replies":[{"embeddable":true,"href":"https:\/\/blueopinion.pt\/en\/wp-json\/wp\/v2\/comments?post=3127"}],"version-history":[{"count":0,"href":"https:\/\/blueopinion.pt\/en\/wp-json\/wp\/v2\/pages\/3127\/revisions"}],"wp:attachment":[{"href":"https:\/\/blueopinion.pt\/en\/wp-json\/wp\/v2\/media?parent=3127"}],"wp:term":[{"taxonomy":"yst_prominent_words","embeddable":true,"href":"https:\/\/blueopinion.pt\/en\/wp-json\/wp\/v2\/yst_prominent_words?post=3127"}],"curies":[{"name":"wp","href":"https:\/\/api.w.org\/{rel}","templated":true}]}}